{"id":16,"date":"2020-05-31T11:55:50","date_gmt":"2020-05-31T09:55:50","guid":{"rendered":"http:\/\/brillouet.com\/?page_id=16"},"modified":"2020-05-31T12:00:25","modified_gmt":"2020-05-31T10:00:25","slug":"accueil","status":"publish","type":"page","link":"https:\/\/brillouet.com\/","title":{"rendered":"Accueil"},"content":{"rendered":"\n<p>Bienvenue sur le site priv\u00e9 des Brillouet noirmoutro-bressui-nanti-angi-crussiens<\/p>\n\n\n\n<p>Pour acc\u00e9der au reste du site, il vous faudra \u00eatre enregistr\u00e9. Appelez moi o\u00f9 mailez moi!<\/p>\n","protected":false},"excerpt":{"rendered":"<p>Bienvenue sur le site priv\u00e9 des Brillouet noirmoutro-bressui-nanti-angi-crussiens Pour acc\u00e9der au reste du site, il vous faudra \u00eatre enregistr\u00e9. Appelez moi o\u00f9 mailez moi!<\/p>\n","protected":false},"author":1,"featured_media":0,"parent":0,"menu_order":0,"comment_status":"closed","ping_status":"closed","template":"","meta":{"footnotes":""},"class_list":["post-16","page","type-page","status-publish","hentry"],"_links":{"self":[{"href":"https:\/\/brillouet.com\/index.php\/wp-json\/wp\/v2\/pages\/16","targetHints":{"allow":["GET"]}}],"collection":[{"href":"https:\/\/brillouet.com\/index.php\/wp-json\/wp\/v2\/pages"}],"about":[{"href":"https:\/\/brillouet.com\/index.php\/wp-json\/wp\/v2\/types\/page"}],"author":[{"embeddable":true,"href":"https:\/\/brillouet.com\/index.php\/wp-json\/wp\/v2\/users\/1"}],"replies":[{"embeddable":true,"href":"https:\/\/brillouet.com\/index.php\/wp-json\/wp\/v2\/comments?post=16"}],"version-history":[{"count":2,"href":"https:\/\/brillouet.com\/index.php\/wp-json\/wp\/v2\/pages\/16\/revisions"}],"predecessor-version":[{"id":37,"href":"https:\/\/brillouet.com\/index.php\/wp-json\/wp\/v2\/pages\/16\/revisions\/37"}],"wp:attachment":[{"href":"https:\/\/brillouet.com\/index.php\/wp-json\/wp\/v2\/media?parent=16"}],"curies":[{"name":"wp","href":"https:\/\/api.w.org\/{rel}","templated":true}]}}